{"id":2455,"date":"2025-08-10T09:18:39","date_gmt":"2025-08-10T12:18:39","guid":{"rendered":"https:\/\/allesverandert.com\/?page_id=2455"},"modified":"2025-09-27T09:14:14","modified_gmt":"2025-09-27T12:14:14","slug":"homepage-new","status":"publish","type":"page","link":"https:\/\/allesverandert.com\/pt\/","title":{"rendered":"In\u00edcio"},"content":{"rendered":"<p style=\"text-align: center;\">Minha vida no Brasil - pequenas hist\u00f3rias de um grande pa\u00eds<\/p>\n<p><span><img decoding=\"async\" alt=\"Alles verandert\" data-id=\"2463\" width=\"332\" data-init-width=\"1600\" height=\"166\" data-init-height=\"800\" title=\"Tudo muda\" data-src=\"https:\/\/allesverandert.com\/wp-content\/uploads\/2025\/08\/Alles-verandert.jpg\" data-width=\"332\" data-height=\"166\" style=\"--smush-placeholder-width: 332px; --smush-placeholder-aspect-ratio: 332\/166;aspect-ratio: auto 1600 \/ 800;\" src=\"data:image\/svg+xml;base64,PHN2ZyB3aWR0aD0iMSIgaGVpZ2h0PSIxIiB4bWxucz0iaHR0cDovL3d3dy53My5vcmcvMjAwMC9zdmciPjwvc3ZnPg==\" class=\"lazyload\"><\/span><\/p>\n<p align=\"left\">H\u00e1 muito tempo, dei um grande passo: troquei a Holanda pelo Brasil, o que foi emocionante e cheio de incertezas, mas tamb\u00e9m inevit\u00e1vel na busca da felicidade. Muita coisa mudou desde ent\u00e3o. Meu ambiente, meu idioma, meus h\u00e1bitos. Neste blog, coleciono pequenas hist\u00f3rias sobre o que cresce, se move e permanece - em mim, ao meu redor e no pa\u00eds onde encontrei meu lar.&nbsp;<\/p>\n<p style=\"text-align: center;\">As postagens mais recentes do meu blog<\/p>\n<p><a href=\"https:\/\/allesverandert.com\/pt\/2025\/09\/22\/de-gouden-bloei-van-de-dendrobium-agregatum\/\" dynamic-postlink=\"tcb_post_the_permalink\" data-shortcode-id=\"2509\"><\/a><\/p>\n<p style=\"text-align: center; font-size: 13px !important;\"><span data-shortcode=\"tcb_post_categories\" data-shortcode-name=\"List of categories\" data-extra_key=\"\" data-attr-link=\"1\" data-attr-target=\"0\" data-attr-rel=\"0\" data-option-inline=\"1\" data-attr-static-link=\"{&quot;className&quot;:&quot;&quot;,&quot;href&quot;:&quot;https:\/\/allesverandert.com\/planten\/&quot;,&quot;title&quot;:&quot;Planten&quot;,&quot;class&quot;:&quot;&quot;}\" data-attr-css=\"\"><a href=\"https:\/\/allesverandert.com\/pt\/planten\/\" title=\"Plantas\" data-css=\"\">Plantas<\/a><\/span><\/p>\n<h2 style=\"text-align: center;\"><span data-shortcode=\"tcb_post_title\" data-shortcode-name=\"Post title\" data-extra_key=\"\" data-attr-link=\"1\" data-attr-target=\"0\" data-attr-rel=\"0\" data-option-inline=\"1\" data-attr-static-link=\"{&quot;className&quot;:&quot;&quot;,&quot;href&quot;:&quot;https:\/\/allesverandert.com\/2025\/09\/22\/de-gouden-bloei-van-de-dendrobium-agregatum\/&quot;,&quot;title&quot;:&quot;De gouden bloei van de Dendrobium Agregatum&quot;,&quot;class&quot;:&quot;&quot;}\" data-attr-css=\"\"><a href=\"https:\/\/allesverandert.com\/pt\/2025\/09\/22\/de-gouden-bloei-van-de-dendrobium-agregatum\/\" title=\"As flores douradas do Dendrobium Agregatum\" data-css=\"\">As flores douradas do Dendrobium Agregatum<\/a><\/span><\/h2>\n<p>Atr\u00e1s de nossa casa, no orquid\u00e1rio, o Dendrobium Agregatum est\u00e1 atualmente em flor. Essa orqu\u00eddea \u00e9 uma planta compacta que <a href=\"https:\/\/allesverandert.com\/pt\/2025\/09\/22\/de-gouden-bloei-van-de-dendrobium-agregatum\/#more-2547\"><\/a><\/p>\n<p><a href=\"https:\/\/allesverandert.com\/pt\/2025\/09\/22\/de-gouden-bloei-van-de-dendrobium-agregatum\/\" style=\"font-size: var(--tve-font-size, 10px)  !important;\"><span><span>Leia mais<\/span><\/span><\/a><a href=\"https:\/\/allesverandert.com\/pt\/2025\/09\/18\/haar-huishoudster-een-psychologische-thriller-over-vertrouwen-en-wraak\/\" dynamic-postlink=\"tcb_post_the_permalink\" data-shortcode-id=\"2509\"><\/a><\/p>\n<p style=\"text-align: center; font-size: 13px !important;\"><span data-shortcode=\"tcb_post_categories\" data-shortcode-name=\"List of categories\" data-extra_key=\"\" data-attr-link=\"1\" data-attr-target=\"0\" data-attr-rel=\"0\" data-option-inline=\"1\" data-attr-static-link=\"{&quot;className&quot;:&quot;&quot;,&quot;href&quot;:&quot;https:\/\/allesverandert.com\/planten\/&quot;,&quot;title&quot;:&quot;Planten&quot;,&quot;class&quot;:&quot;&quot;}\" data-attr-css=\"\"><a href=\"https:\/\/allesverandert.com\/pt\/boeken\/\" title=\"Livros\" data-css=\"\">Livros<\/a><\/span><\/p>\n<h2 style=\"text-align: center;\"><span data-shortcode=\"tcb_post_title\" data-shortcode-name=\"Post title\" data-extra_key=\"\" data-attr-link=\"1\" data-attr-target=\"0\" data-attr-rel=\"0\" data-option-inline=\"1\" data-attr-static-link=\"{&quot;className&quot;:&quot;&quot;,&quot;href&quot;:&quot;https:\/\/allesverandert.com\/2025\/09\/22\/de-gouden-bloei-van-de-dendrobium-agregatum\/&quot;,&quot;title&quot;:&quot;De gouden bloei van de Dendrobium Agregatum&quot;,&quot;class&quot;:&quot;&quot;}\" data-attr-css=\"\"><a href=\"https:\/\/allesverandert.com\/pt\/2025\/09\/18\/haar-huishoudster-een-psychologische-thriller-over-vertrouwen-en-wraak\/\" title=\"Her housekeeper - um thriller psicol\u00f3gico sobre confian\u00e7a e vingan\u00e7a\" data-css=\"\">Her housekeeper - um thriller psicol\u00f3gico sobre confian\u00e7a e vingan\u00e7a<\/a><\/span><\/h2>\n<p>Um thriller emocionante sobre confian\u00e7a, segredos e o elusivo poder da vingan\u00e7aMais uma vez, li o thriller psicol\u00f3gico Her Housekeeper, da inglesa <a href=\"https:\/\/allesverandert.com\/pt\/2025\/09\/18\/haar-huishoudster-een-psychologische-thriller-over-vertrouwen-en-wraak\/#more-2509\"><\/a><\/p>\n<p><a href=\"https:\/\/allesverandert.com\/pt\/2025\/09\/18\/haar-huishoudster-een-psychologische-thriller-over-vertrouwen-en-wraak\/\" style=\"font-size: var(--tve-font-size, 10px)  !important;\"><span><span>Leia mais<\/span><\/span><\/a><a href=\"https:\/\/allesverandert.com\/pt\/2025\/08\/17\/in-je-eigen-tijd\/\" dynamic-postlink=\"tcb_post_the_permalink\" data-shortcode-id=\"2509\"><\/a><\/p>\n<p style=\"text-align: center; font-size: 13px !important;\"><span data-shortcode=\"tcb_post_categories\" data-shortcode-name=\"List of categories\" data-extra_key=\"\" data-attr-link=\"1\" data-attr-target=\"0\" data-attr-rel=\"0\" data-option-inline=\"1\" data-attr-static-link=\"{&quot;className&quot;:&quot;&quot;,&quot;href&quot;:&quot;https:\/\/allesverandert.com\/planten\/&quot;,&quot;title&quot;:&quot;Planten&quot;,&quot;class&quot;:&quot;&quot;}\" data-attr-css=\"\"><a href=\"https:\/\/allesverandert.com\/pt\/gedachten\/\" title=\"Pensamentos\" data-css=\"\">Pensamentos<\/a><\/span><\/p>\n<h2 style=\"text-align: center;\"><span data-shortcode=\"tcb_post_title\" data-shortcode-name=\"Post title\" data-extra_key=\"\" data-attr-link=\"1\" data-attr-target=\"0\" data-attr-rel=\"0\" data-option-inline=\"1\" data-attr-static-link=\"{&quot;className&quot;:&quot;&quot;,&quot;href&quot;:&quot;https:\/\/allesverandert.com\/2025\/09\/22\/de-gouden-bloei-van-de-dendrobium-agregatum\/&quot;,&quot;title&quot;:&quot;De gouden bloei van de Dendrobium Agregatum&quot;,&quot;class&quot;:&quot;&quot;}\" data-attr-css=\"\"><a href=\"https:\/\/allesverandert.com\/pt\/2025\/08\/17\/in-je-eigen-tijd\/\" title=\"Em seu pr\u00f3prio tempo\" data-css=\"\">Em seu pr\u00f3prio tempo<\/a><\/span><\/h2>\n<p>No seu pr\u00f3prio tempo\u00c0s vezes, tudo ao seu redor parece se mover t\u00e3o r\u00e1pido que voc\u00ea mal consegue acompanhar. Como se o mundo <a href=\"https:\/\/allesverandert.com\/pt\/2025\/08\/17\/in-je-eigen-tijd\/#more-2480\"><\/a><\/p>\n<p><a href=\"https:\/\/allesverandert.com\/pt\/2025\/08\/17\/in-je-eigen-tijd\/\" style=\"font-size: var(--tve-font-size, 10px)  !important;\"><span><span>Leia mais<\/span><\/span><\/a><a href=\"https:\/\/allesverandert.com\/pt\/2025\/08\/03\/pix-de-qr-code-die-brazilie-verandert\/\" dynamic-postlink=\"tcb_post_the_permalink\" data-shortcode-id=\"2509\"><\/a><\/p>\n<p style=\"text-align: center; font-size: 13px !important;\"><span data-shortcode=\"tcb_post_categories\" data-shortcode-name=\"List of categories\" data-extra_key=\"\" data-attr-link=\"1\" data-attr-target=\"0\" data-attr-rel=\"0\" data-option-inline=\"1\" data-attr-static-link=\"{&quot;className&quot;:&quot;&quot;,&quot;href&quot;:&quot;https:\/\/allesverandert.com\/planten\/&quot;,&quot;title&quot;:&quot;Planten&quot;,&quot;class&quot;:&quot;&quot;}\" data-attr-css=\"\"><a href=\"https:\/\/allesverandert.com\/pt\/brazilie\/\" title=\"Brasil\" data-css=\"\">Brasil<\/a><\/span><\/p>\n<h2 style=\"text-align: center;\"><span data-shortcode=\"tcb_post_title\" data-shortcode-name=\"Post title\" data-extra_key=\"\" data-attr-link=\"1\" data-attr-target=\"0\" data-attr-rel=\"0\" data-option-inline=\"1\" data-attr-static-link=\"{&quot;className&quot;:&quot;&quot;,&quot;href&quot;:&quot;https:\/\/allesverandert.com\/2025\/09\/22\/de-gouden-bloei-van-de-dendrobium-agregatum\/&quot;,&quot;title&quot;:&quot;De gouden bloei van de Dendrobium Agregatum&quot;,&quot;class&quot;:&quot;&quot;}\" data-attr-css=\"\"><a href=\"https:\/\/allesverandert.com\/pt\/2025\/08\/03\/pix-de-qr-code-die-brazilie-verandert\/\" title=\"PIX: O c\u00f3digo QR que est\u00e1 mudando o Brasil\" data-css=\"\">PIX: O c\u00f3digo QR que est\u00e1 mudando o Brasil<\/a><\/span><\/h2>\n<p>Quando me mudei para o Brasil em 2002, a transfer\u00eancia de dinheiro ainda era um grande problema. \u00c0s vezes, eu ficava horas na fila do <a href=\"https:\/\/allesverandert.com\/pt\/2025\/08\/03\/pix-de-qr-code-die-brazilie-verandert\/#more-2429\"><\/a><\/p>\n<p><a href=\"https:\/\/allesverandert.com\/pt\/2025\/08\/03\/pix-de-qr-code-die-brazilie-verandert\/\" style=\"font-size: var(--tve-font-size, 10px)  !important;\"><span><span>Leia mais<\/span><\/span><\/a><a href=\"https:\/\/allesverandert.com\/pt\/2025\/07\/30\/liz-ouwens-wie-zwijgt-een-verhaal-dat-raakt\/\" dynamic-postlink=\"tcb_post_the_permalink\" data-shortcode-id=\"2509\"><\/a><\/p>\n<p style=\"text-align: center; font-size: 13px !important;\"><span data-shortcode=\"tcb_post_categories\" data-shortcode-name=\"List of categories\" data-extra_key=\"\" data-attr-link=\"1\" data-attr-target=\"0\" data-attr-rel=\"0\" data-option-inline=\"1\" data-attr-static-link=\"{&quot;className&quot;:&quot;&quot;,&quot;href&quot;:&quot;https:\/\/allesverandert.com\/planten\/&quot;,&quot;title&quot;:&quot;Planten&quot;,&quot;class&quot;:&quot;&quot;}\" data-attr-css=\"\"><a href=\"https:\/\/allesverandert.com\/pt\/boeken\/\" title=\"Livros\" data-css=\"\">Livros<\/a><\/span><\/p>\n<h2 style=\"text-align: center;\"><span data-shortcode=\"tcb_post_title\" data-shortcode-name=\"Post title\" data-extra_key=\"\" data-attr-link=\"1\" data-attr-target=\"0\" data-attr-rel=\"0\" data-option-inline=\"1\" data-attr-static-link=\"{&quot;className&quot;:&quot;&quot;,&quot;href&quot;:&quot;https:\/\/allesverandert.com\/2025\/09\/22\/de-gouden-bloei-van-de-dendrobium-agregatum\/&quot;,&quot;title&quot;:&quot;De gouden bloei van de Dendrobium Agregatum&quot;,&quot;class&quot;:&quot;&quot;}\" data-attr-css=\"\"><a href=\"https:\/\/allesverandert.com\/pt\/2025\/07\/30\/liz-ouwens-wie-zwijgt-een-verhaal-dat-raakt\/\" title=\"Liz Ouwens - Who is silent, uma hist\u00f3ria que emociona\" data-css=\"\">Liz Ouwens - Who is silent, uma hist\u00f3ria que emociona<\/a><\/span><\/h2>\n<p> <a href=\"https:\/\/allesverandert.com\/pt\/2025\/07\/30\/liz-ouwens-wie-zwijgt-een-verhaal-dat-raakt\/#more-2416\"><\/a><\/p>\n<p><a href=\"https:\/\/allesverandert.com\/pt\/2025\/07\/30\/liz-ouwens-wie-zwijgt-een-verhaal-dat-raakt\/\" style=\"font-size: var(--tve-font-size, 10px)  !important;\"><span><span>Leia mais<\/span><\/span><\/a><a href=\"https:\/\/allesverandert.com\/pt\/2025\/07\/21\/paars-in-de-droogte-de-stille-pracht-van-de-ipe-roxo\/\" dynamic-postlink=\"tcb_post_the_permalink\" data-shortcode-id=\"2509\"><\/a><\/p>\n<p style=\"text-align: center; font-size: 13px !important;\"><span data-shortcode=\"tcb_post_categories\" data-shortcode-name=\"List of categories\" data-extra_key=\"\" data-attr-link=\"1\" data-attr-target=\"0\" data-attr-rel=\"0\" data-option-inline=\"1\" data-attr-static-link=\"{&quot;className&quot;:&quot;&quot;,&quot;href&quot;:&quot;https:\/\/allesverandert.com\/planten\/&quot;,&quot;title&quot;:&quot;Planten&quot;,&quot;class&quot;:&quot;&quot;}\" data-attr-css=\"\"><a href=\"https:\/\/allesverandert.com\/pt\/brazilie\/\" title=\"Brasil\" data-css=\"\">Brasil<\/a>, <a href=\"https:\/\/allesverandert.com\/pt\/planten\/\" title=\"Plantas\" data-css=\"\">Plantas<\/a><\/span><\/p>\n<h2 style=\"text-align: center;\"><span data-shortcode=\"tcb_post_title\" data-shortcode-name=\"Post title\" data-extra_key=\"\" data-attr-link=\"1\" data-attr-target=\"0\" data-attr-rel=\"0\" data-option-inline=\"1\" data-attr-static-link=\"{&quot;className&quot;:&quot;&quot;,&quot;href&quot;:&quot;https:\/\/allesverandert.com\/2025\/09\/22\/de-gouden-bloei-van-de-dendrobium-agregatum\/&quot;,&quot;title&quot;:&quot;De gouden bloei van de Dendrobium Agregatum&quot;,&quot;class&quot;:&quot;&quot;}\" data-attr-css=\"\"><a href=\"https:\/\/allesverandert.com\/pt\/2025\/07\/21\/paars-in-de-droogte-de-stille-pracht-van-de-ipe-roxo\/\" title=\"Roxo na seca - o esplendor silencioso do Ip\u00ea Roxo\" data-css=\"\">Roxo na seca - o esplendor silencioso do Ip\u00ea Roxo<\/a><\/span><\/h2>\n<p>Uma manh\u00e3 como sempreTodas as manh\u00e3s, fa\u00e7o uma caminhada de uma hora. \u00c9 bom para o cora\u00e7\u00e3o e para limpar a cabe\u00e7a <a href=\"https:\/\/allesverandert.com\/pt\/2025\/07\/21\/paars-in-de-droogte-de-stille-pracht-van-de-ipe-roxo\/#more-2390\"><\/a><\/p>\n<p><a href=\"https:\/\/allesverandert.com\/pt\/2025\/07\/21\/paars-in-de-droogte-de-stille-pracht-van-de-ipe-roxo\/\" style=\"font-size: var(--tve-font-size, 10px)  !important;\"><span><span>Leia mais<\/span><\/span><\/a><\/p>","protected":false},"excerpt":{"rendered":"<p>Mijn leven in Brazili\u00eb &#8211; kleine verhalen uit een groot land Lang geleden zette ik een grote stap: ik verruilde Nederland voor Brazili\u00eb.Het was spannend en vol onzekerheid \u2014 maar in het nastreven van geluk ook onvermijdelijk. Sindsdien is er veel veranderd. Mijn omgeving, mijn taal, mijn gewoontes. Maar \u00e9\u00e9n ding bleef: mijn verwondering.Op dit [&hellip;]<\/p>\n","protected":false},"author":1,"featured_media":0,"parent":0,"menu_order":0,"comment_status":"closed","ping_status":"closed","template":"","meta":{"_seopress_robots_primary_cat":"","_seopress_titles_title":"","_seopress_titles_desc":"","_seopress_robots_index":"","iawp_total_views":118,"footnotes":""},"class_list":["post-2455","page","type-page","status-publish","hentry","post-wrapper","thrv_wrapper"],"_links":{"self":[{"href":"https:\/\/allesverandert.com\/pt\/wp-json\/wp\/v2\/pages\/2455","targetHints":{"allow":["GET"]}}],"collection":[{"href":"https:\/\/allesverandert.com\/pt\/wp-json\/wp\/v2\/pages"}],"about":[{"href":"https:\/\/allesverandert.com\/pt\/wp-json\/wp\/v2\/types\/page"}],"author":[{"embeddable":true,"href":"https:\/\/allesverandert.com\/pt\/wp-json\/wp\/v2\/users\/1"}],"replies":[{"embeddable":true,"href":"https:\/\/allesverandert.com\/pt\/wp-json\/wp\/v2\/comments?post=2455"}],"version-history":[{"count":13,"href":"https:\/\/allesverandert.com\/pt\/wp-json\/wp\/v2\/pages\/2455\/revisions"}],"predecessor-version":[{"id":2563,"href":"https:\/\/allesverandert.com\/pt\/wp-json\/wp\/v2\/pages\/2455\/revisions\/2563"}],"wp:attachment":[{"href":"https:\/\/allesverandert.com\/pt\/wp-json\/wp\/v2\/media?parent=2455"}],"curies":[{"name":"wp","href":"https:\/\/api.w.org\/{rel}","templated":true}]}}