{"id":921,"date":"2021-06-18T15:03:27","date_gmt":"2021-06-18T18:03:27","guid":{"rendered":"https:\/\/allesverandert.com\/privacy-policy\/"},"modified":"2021-06-20T16:03:06","modified_gmt":"2021-06-20T19:03:06","slug":"privacy-policy","status":"publish","type":"page","link":"https:\/\/allesverandert.com\/pt\/privacy-policy\/","title":{"rendered":"Privacidade"},"content":{"rendered":"<p><\/p><p><b>Pol\u00edtica de privacidade do meu blog Everything Changes<\/b><\/p><p><\/p><p><\/p><p>Estamos cientes de que voc\u00ea deposita sua confian\u00e7a em n\u00f3s. Portanto, consideramos nossa responsabilidade proteger sua privacidade. Nesta p\u00e1gina, informamos quais dados coletamos quando voc\u00ea usa nosso site, por que coletamos esses dados e como os usamos para melhorar sua experi\u00eancia de usu\u00e1rio. Dessa forma, voc\u00ea entender\u00e1 exatamente como trabalhamos.<\/p><p><\/p><p><\/p><p>Esta pol\u00edtica de privacidade aplica-se ao conte\u00fado do blog Everything Changes. O Everything Changes n\u00e3o \u00e9 respons\u00e1vel pelas pol\u00edticas de privacidade de outros sites e fontes. Ao usar este blog, voc\u00ea indica sua aceita\u00e7\u00e3o da pol\u00edtica de privacidade.<\/p><p><\/p><p><\/p><p>A Everything Changes respeita a privacidade de todos os usu\u00e1rios de seu site e garante que as informa\u00e7\u00f5es pessoais que voc\u00ea nos fornece sejam mantidas em sigilo.<\/p><p><\/p><p><\/p><p>Nosso uso dos dados coletados<\/p><p><\/p><p><\/p><p><b>Comunica\u00e7\u00f5es<\/b><\/p><p><\/p><p><\/p><p>Quando voc\u00ea envia e-mails ou outras mensagens para n\u00f3s, podemos reter essas mensagens. \u00c0s vezes, solicitaremos seus dados pessoais relevantes para a situa\u00e7\u00e3o em quest\u00e3o. Isso nos permite processar suas consultas e responder \u00e0s suas solicita\u00e7\u00f5es. Os dados s\u00e3o armazenados nos pr\u00f3prios servidores seguros da empresa de hospedagem Namecheap. N\u00e3o combinaremos esses dados com outros dados pessoais em nossa posse.<\/p><p><\/p><p><\/p><p><b>Cookies<\/b><\/p><p><\/p><p><\/p><p>Coletamos dados para pesquisa a fim de entender melhor nossos clientes para que possamos adaptar nossos servi\u00e7os adequadamente.<\/p><p><\/p><p><\/p><p>Este site usa \"cookies\" (arquivos de texto colocados no seu computador) para ajudar o site a analisar como os usu\u00e1rios usam o site. As informa\u00e7\u00f5es geradas pelo cookie sobre seu uso do site podem ser transferidas para servidores seguros pr\u00f3prios ou de terceiros. Usamos essas informa\u00e7\u00f5es para rastrear como voc\u00ea usa o site e para compilar relat\u00f3rios sobre a atividade do site.<\/p><p><\/p><p><\/p><p><b>Objetivos<\/b><\/p><p><\/p><p><\/p><p>N\u00e3o coletamos nem usamos informa\u00e7\u00f5es para outros fins que n\u00e3o os descritos nesta pol\u00edtica de privacidade, a menos que tenhamos obtido seu consentimento pr\u00e9vio.<\/p><p><\/p><p><\/p><p><b>Terceiros<\/b><\/p><p><\/p><p><\/p><p>As informa\u00e7\u00f5es n\u00e3o ser\u00e3o compartilhadas com terceiros.<\/p><p><\/p><p><\/p><p><b>Mudan\u00e7as<\/b><\/p><p><\/p><p><\/p><p>Esta declara\u00e7\u00e3o de privacidade \u00e9 adaptada ao uso e aos recursos deste site. Quaisquer ajustes e\/ou altera\u00e7\u00f5es neste site podem resultar em altera\u00e7\u00f5es nesta declara\u00e7\u00e3o de privacidade. Portanto, \u00e9 aconselh\u00e1vel consultar esta declara\u00e7\u00e3o de privacidade regularmente.<\/p><p><\/p><p><\/p><p><b>Op\u00e7\u00f5es para dados pessoais<\/b><\/p><p><\/p><p><\/p><p>Oferecemos a todos os visitantes a oportunidade de visualizar, alterar ou excluir qualquer informa\u00e7\u00e3o pessoal que nos tenha sido fornecida.<\/p><p><\/p><p><\/p><p><b>Desativar cookies<\/b><\/p><p><\/p><p><\/p><p>A maioria dos navegadores est\u00e1 configurada para aceitar cookies por padr\u00e3o, mas voc\u00ea pode redefinir seu navegador para recusar todos os cookies ou para indicar quando um cookie \u00e9 enviado. Entretanto, alguns recursos e servi\u00e7os, em nosso e em outros sites, podem n\u00e3o funcionar corretamente se os cookies estiverem desativados em seu navegador.<\/p><p><\/p><p><\/p><p><b>Perguntas e coment\u00e1rios<\/b><\/p><p><\/p><p><\/p><p>Verificamos regularmente nossa conformidade com esta pol\u00edtica de privacidade. Se tiver alguma d\u00favida sobre esta pol\u00edtica de privacidade, entre em contato conosco pelo seguinte endere\u00e7o de e-mail: admin@allesverandert.com<\/p><p><\/p>","protected":false},"excerpt":{"rendered":"<p>Privacybeleid van mijn blog Alles Verandert Wij zijn er van bewust dat u vertrouwen stelt in ons. Wij zien het dan ook als onze verantwoordelijkheid om uw privacy te beschermen. Op deze pagina laten we u weten welke gegevens we verzamelen als u onze website gebruikt, waarom we deze gegevens verzamelen en hoe we hiermee [&hellip;]<\/p>\n","protected":false},"author":1,"featured_media":0,"parent":0,"menu_order":0,"comment_status":"closed","ping_status":"closed","template":"","meta":{"_seopress_robots_primary_cat":"","_seopress_titles_title":"","_seopress_titles_desc":"","_seopress_robots_index":"","iawp_total_views":1,"footnotes":""},"class_list":["post-921","page","type-page","status-publish","hentry","post-wrapper","thrv_wrapper"],"_links":{"self":[{"href":"https:\/\/allesverandert.com\/pt\/wp-json\/wp\/v2\/pages\/921","targetHints":{"allow":["GET"]}}],"collection":[{"href":"https:\/\/allesverandert.com\/pt\/wp-json\/wp\/v2\/pages"}],"about":[{"href":"https:\/\/allesverandert.com\/pt\/wp-json\/wp\/v2\/types\/page"}],"author":[{"embeddable":true,"href":"https:\/\/allesverandert.com\/pt\/wp-json\/wp\/v2\/users\/1"}],"replies":[{"embeddable":true,"href":"https:\/\/allesverandert.com\/pt\/wp-json\/wp\/v2\/comments?post=921"}],"version-history":[{"count":4,"href":"https:\/\/allesverandert.com\/pt\/wp-json\/wp\/v2\/pages\/921\/revisions"}],"predecessor-version":[{"id":985,"href":"https:\/\/allesverandert.com\/pt\/wp-json\/wp\/v2\/pages\/921\/revisions\/985"}],"wp:attachment":[{"href":"https:\/\/allesverandert.com\/pt\/wp-json\/wp\/v2\/media?parent=921"}],"curies":[{"name":"wp","href":"https:\/\/api.w.org\/{rel}","templated":true}]}}